{"id":96,"date":"2016-08-04T20:29:40","date_gmt":"2016-08-04T20:29:40","guid":{"rendered":"http:\/\/avepsi.org.ve\/site\/?page_id=96"},"modified":"2025-06-12T11:50:41","modified_gmt":"2025-06-12T11:50:41","slug":"certificaciones","status":"publish","type":"page","link":"https:\/\/avepsi.org.ve\/site\/certificaciones\/","title":{"rendered":"Certificaciones"},"content":{"rendered":"\t\t<div data-elementor-type=\"wp-page\" data-elementor-id=\"96\" class=\"elementor elementor-96\">\n\t\t\t\t\t\t<section class=\"elementor-section elementor-top-section elementor-element elementor-element-5ea314be elementor-section-boxed elementor-section-height-default elementor-section-height-default\" data-id=\"5ea314be\" data-element_type=\"section\" data-e-type=\"section\">\n\t\t\t\t\t\t<div class=\"elementor-container elementor-column-gap-wide\">\n\t\t\t\t\t<div class=\"elementor-column elementor-col-50 elementor-top-column elementor-element elementor-element-6e1bebd9\" data-id=\"6e1bebd9\" data-element_type=\"column\" data-e-type=\"column\">\n\t\t\t<div class=\"elementor-widget-wrap elementor-element-populated\">\n\t\t\t\t\t\t<div class=\"elementor-element elementor-element-3bac2f1 elementor-widget elementor-widget-heading\" data-id=\"3bac2f1\" data-element_type=\"widget\" data-e-type=\"widget\" data-widget_type=\"heading.default\">\n\t\t\t\t<div class=\"elementor-widget-container\">\n\t\t\t\t\t<h2 class=\"elementor-heading-title elementor-size-default\">REQUISITOS PARA CERTIFICACI\u00d3N VENEZOLANA<\/h2>\t\t\t\t<\/div>\n\t\t\t\t<\/div>\n\t\t\t\t<div class=\"elementor-element elementor-element-ab6d0da elementor-widget elementor-widget-toggle\" data-id=\"ab6d0da\" data-element_type=\"widget\" data-e-type=\"widget\" data-widget_type=\"toggle.default\">\n\t\t\t\t<div class=\"elementor-widget-container\">\n\t\t\t\t\t\t\t<div class=\"elementor-toggle\">\n\t\t\t\t\t\t\t<div class=\"elementor-toggle-item\">\n\t\t\t\t\t<div id=\"elementor-tab-title-1791\" class=\"elementor-tab-title\" data-tab=\"1\" role=\"button\" aria-controls=\"elementor-tab-content-1791\" aria-expanded=\"false\">\n\t\t\t\t\t\t\t\t\t\t\t\t<span class=\"elementor-toggle-icon elementor-toggle-icon-left\" aria-hidden=\"true\">\n\t\t\t\t\t\t\t\t\t\t\t\t\t\t\t<span class=\"elementor-toggle-icon-closed\"><i class=\"fas fa-caret-right\"><\/i><\/span>\n\t\t\t\t\t\t\t\t<span class=\"elementor-toggle-icon-opened\"><i class=\"elementor-toggle-icon-opened fas fa-caret-up\"><\/i><\/span>\n\t\t\t\t\t\t\t\t\t\t\t\t\t<\/span>\n\t\t\t\t\t\t\t\t\t\t\t\t<a class=\"elementor-toggle-title\" tabindex=\"0\">Requisitos<\/a>\n\t\t\t\t\t<\/div>\n\n\t\t\t\t\t<div id=\"elementor-tab-content-1791\" class=\"elementor-tab-content elementor-clearfix\" data-tab=\"1\" role=\"region\" aria-labelledby=\"elementor-tab-title-1791\"><ol><li><strong>Requisitos generales:<\/strong><br \/>1. T\u00edtulo universitario en educaci\u00f3n superior obtenido en una universidad reconocida.<br \/>2. Planilla de Inscripci\u00f3n en AVEPSI.<br \/>3. La teor\u00eda psicoterap\u00e9utica utilizada por el aspirante a la certificaci\u00f3n debe estar perfectamente definida y ser sustentada por claras bases en las ciencias humanas.<\/li><li><strong>Requisitos espec\u00edficos:<\/strong><br \/>1. La duraci\u00f3n total del entrenamiento psicoterap\u00e9utico exigido en los criterios de certificaci\u00f3n debe ser de tres a\u00f1os como m\u00ednimo.<br \/>2. Supervisi\u00f3n de casos: La supervisi\u00f3n y psicoterapia personal por parte de los aspirantes deben cumplir con los criterios de certificaci\u00f3n de AVEPSI. As\u00ed mismo, los psicoterapeutas a cargo de la supervisi\u00f3n del aspirante deben cumplir con los criterios de acreditaci\u00f3n de AVEPSI.<br \/><strong>Criterio exigido: 160 horas como m\u00ednimo.<\/strong><br \/><span style=\"color: #0000ff;\">Anexar documentos que reportan las horas (cartas de lo supervisores)<\/span><\/li><li><strong>Psicoterapia personal<\/strong>: Los psicoterapeutas a cargo de la psicoterapia, personal del aspirante deben cumplir con los criterios de acreditaci\u00f3n de AVEPSI.<br \/><strong>Criterio exigido: 200 horas como m\u00ednimo.<\/strong><br \/><span style=\"color: #0000ff;\">Anexar documentos que reporten las horas de psicoterapia personal o de psicoterapia de grupo (Cartas de los Psicoterapeutas)<\/span><\/li><li><strong>Estudios te\u00f3ricos<\/strong>: Ser\u00e1n considerados todos aquellos estudios consignados en el curr\u00edculum te\u00f3rico establecido por cada escuela o instituto de formaci\u00f3n. As\u00ed mismo, se considerar\u00e1 como recomendable y relevante la inclusi\u00f3n de nociones generales de neurociencias.<br \/><span style=\"color: #0000ff;\">Anexar certificado de la formaci\u00f3n completa en el MODELO _______ en el Instituto ________.<\/span><\/li><li><strong>Experiencia en la atenci\u00f3n de pacientes<\/strong>: Debe incluir la pr\u00e1ctica suficiente con pacientes bajo supervisi\u00f3n continua y apropiada.<br \/><strong>Criterio exigido: 200 horas como m\u00ednimo.<\/strong><br \/><span style=\"color: #0000ff;\">Anexar documentos que reporten a\u00f1os de pr\u00e1ctica de la psicoterapia bajo asesor\u00eda y supervisi\u00f3n (cartas de profesores y colegas).<\/span><\/li><li>Postulaci\u00f3n por dos miembros de AVEPSI.<\/li><li>Entrevista personal con la comisi\u00f3n de credenciales de la AVEPSI.<\/li><li>Curriculum vitae.<\/li><li>Trabajo de ingreso (cl\u00ednico y\/o te\u00f3rico) publicado o in\u00e9dito.<\/li><li>El costo del certificado actualmente es de REF 80 o su equivalente en Bol\u00edvares ($ a la tasa oficial del d\u00eda).<\/li><\/ol><\/div>\n\t\t\t\t<\/div>\n\t\t\t\t\t\t\t\t<\/div>\n\t\t\t\t\t\t<\/div>\n\t\t\t\t<\/div>\n\t\t\t\t<div class=\"elementor-element elementor-element-6e8a09f0 elementor-widget elementor-widget-text-editor\" data-id=\"6e8a09f0\" data-element_type=\"widget\" data-e-type=\"widget\" data-widget_type=\"text-editor.default\">\n\t\t\t\t<div class=\"elementor-widget-container\">\n\t\t\t\t\t\t\t\t\t<p><span style=\"color: #3366ff;\"><b>\u00bf<a href=\"http:\/\/avepsi.org.ve\/site\/wp-content\/uploads\/2024\/02\/Que-es-el-certificado-vzlano-de-psicoterapia.pdf\" target=\"_blank\" rel=\"noopener\">Que es el certificado venezolano de psicoterapia<\/a>?<br \/><br \/>TODOS los documentos deben ser enviados en formato PDF\u00a0 a la siguiente direcci\u00f3n electr\u00f3nica: <a href=\"mailto:certificacionesavepsi@gmail.com\" target=\"_blank\" rel=\"noopener\">certificacionesavepsi@gmail.com<\/a><\/b><\/span><\/p><p><strong><span style=\"font-size: 18px;\">Haga click aqu\u00ed para llenar su <a href=\"https:\/\/docs.google.com\/forms\/d\/1Mp-JZLwav5ojXpaddJ-7Cu-fwLJiO1u3ednkTK1r1wk\/viewform?edit_requested=true\" target=\"_blank\" rel=\"noopener noreferrer\">Formulario de Inscripci\u00f3n<\/a><\/span><\/strong><\/p><p>Para informaci\u00f3n sobre datos bancarios, env\u00ede un correo a la siguiente direcci\u00f3n <a href=\"mailto:pagosavepsi@gmail.com\" target=\"_blank\" rel=\"noopener noreferrer\">pagosavepsi@gmail.com<\/a><\/p>\t\t\t\t\t\t\t\t<\/div>\n\t\t\t\t<\/div>\n\t\t\t\t<div class=\"elementor-element elementor-element-4ac3a1a elementor-widget elementor-widget-heading\" data-id=\"4ac3a1a\" data-element_type=\"widget\" data-e-type=\"widget\" data-widget_type=\"heading.default\">\n\t\t\t\t<div class=\"elementor-widget-container\">\n\t\t\t\t\t<h2 class=\"elementor-heading-title elementor-size-default\">REQUISITOS PARA CERTIFICACI\u00d3N LATINOAMERICANA<\/h2>\t\t\t\t<\/div>\n\t\t\t\t<\/div>\n\t\t\t\t<div class=\"elementor-element elementor-element-bcdfabf elementor-widget elementor-widget-text-editor\" data-id=\"bcdfabf\" data-element_type=\"widget\" data-e-type=\"widget\" data-widget_type=\"text-editor.default\">\n\t\t\t\t<div class=\"elementor-widget-container\">\n\t\t\t\t\t\t\t\t\t<p><a href=\"http:\/\/flapsi.org\/flapsi\/certificaciones\/\" target=\"_blank\" rel=\"noopener\">http:\/\/flapsi.org\/flapsi\/certificaciones\/<\/a><\/p>\t\t\t\t\t\t\t\t<\/div>\n\t\t\t\t<\/div>\n\t\t\t\t<div class=\"elementor-element elementor-element-d185084 elementor-widget elementor-widget-heading\" data-id=\"d185084\" data-element_type=\"widget\" data-e-type=\"widget\" data-widget_type=\"heading.default\">\n\t\t\t\t<div class=\"elementor-widget-container\">\n\t\t\t\t\t<h2 class=\"elementor-heading-title elementor-size-default\">REQUISITOS PARA CERTIFICACI\u00d3N MUNDIAL<\/h2>\t\t\t\t<\/div>\n\t\t\t\t<\/div>\n\t\t\t\t<div class=\"elementor-element elementor-element-024866d elementor-widget elementor-widget-text-editor\" data-id=\"024866d\" data-element_type=\"widget\" data-e-type=\"widget\" data-widget_type=\"text-editor.default\">\n\t\t\t\t<div class=\"elementor-widget-container\">\n\t\t\t\t\t\t\t\t\t<p><a style=\"font-style: inherit; font-weight: inherit;\" href=\"http:\/\/www.worldpsyche.org\/cms-tag\/121\/world-certificate-for-psychotherapy-wcpc-\" target=\"_blank\" rel=\"noopener noreferrer\">www.worldpsyche.org<\/a><\/p>\t\t\t\t\t\t\t\t<\/div>\n\t\t\t\t<\/div>\n\t\t\t\t\t<\/div>\n\t\t<\/div>\n\t\t\t\t<div class=\"elementor-column elementor-col-50 elementor-top-column elementor-element elementor-element-e4de9a1\" data-id=\"e4de9a1\" data-element_type=\"column\" data-e-type=\"column\">\n\t\t\t<div class=\"elementor-widget-wrap elementor-element-populated\">\n\t\t\t\t\t\t<div class=\"elementor-element elementor-element-5c9ef9f elementor-widget elementor-widget-heading\" data-id=\"5c9ef9f\" data-element_type=\"widget\" data-e-type=\"widget\" data-widget_type=\"heading.default\">\n\t\t\t\t<div class=\"elementor-widget-container\">\n\t\t\t\t\t<h2 class=\"elementor-heading-title elementor-size-default\">\u00bfPARA QU\u00c9 OBTENER LA CERTIFICACI\u00d3N?<\/h2>\t\t\t\t<\/div>\n\t\t\t\t<\/div>\n\t\t\t\t<div class=\"elementor-element elementor-element-e466166 elementor-widget elementor-widget-text-editor\" data-id=\"e466166\" data-element_type=\"widget\" data-e-type=\"widget\" data-widget_type=\"text-editor.default\">\n\t\t\t\t<div class=\"elementor-widget-container\">\n\t\t\t\t\t\t\t\t\t<p>VER\u00a0 6 TESTIMONIOS<\/p>\t\t\t\t\t\t\t\t<\/div>\n\t\t\t\t<\/div>\n\t\t\t\t\t<\/div>\n\t\t<\/div>\n\t\t\t\t\t<\/div>\n\t\t<\/section>\n\t\t\t\t<\/div>\n\t\t","protected":false},"excerpt":{"rendered":"<p>REQUISITOS PARA CERTIFICACI\u00d3N VENEZOLANA Requisitos Requisitos generales:1. T\u00edtulo universitario en educaci\u00f3n superior obtenido en una universidad reconocida.2. Planilla de Inscripci\u00f3n [&hellip;]<\/p>\n","protected":false},"author":1,"featured_media":0,"parent":0,"menu_order":0,"comment_status":"closed","ping_status":"closed","template":"","meta":{"site-sidebar-layout":"default","site-content-layout":"","ast-site-content-layout":"default","site-content-style":"default","site-sidebar-style":"default","ast-global-header-display":"","ast-banner-title-visibility":"","ast-main-header-display":"","ast-hfb-above-header-display":"","ast-hfb-below-header-display":"","ast-hfb-mobile-header-display":"","site-post-title":"","ast-breadcrumbs-content":"","ast-featured-img":"","footer-sml-layout":"","ast-disable-related-posts":"","theme-transparent-header-meta":"","adv-header-id-meta":"","stick-header-meta":"","header-above-stick-meta":"","header-main-stick-meta":"","header-below-stick-meta":"","astra-migrate-meta-layouts":"default","ast-page-background-enabled":"default","ast-page-background-meta":{"desktop":{"background-color":"var(--ast-global-color-4)","background-image":"","background-repeat":"repeat","background-position":"center center","background-size":"auto","background-attachment":"scroll","background-type":"","background-media":"","overlay-type":"","overlay-color":"","overlay-opacity":"","overlay-gradient":""},"tablet":{"background-color":"","background-image":"","background-repeat":"repeat","background-position":"center center","background-size":"auto","background-attachment":"scroll","background-type":"","background-media":"","overlay-type":"","overlay-color":"","overlay-opacity":"","overlay-gradient":""},"mobile":{"background-color":"","background-image":"","background-repeat":"repeat","background-position":"center center","background-size":"auto","background-attachment":"scroll","background-type":"","background-media":"","overlay-type":"","overlay-color":"","overlay-opacity":"","overlay-gradient":""}},"ast-content-background-meta":{"desktop":{"background-color":"var(--ast-global-color-5)","background-image":"","background-repeat":"repeat","background-position":"center center","background-size":"auto","background-attachment":"scroll","background-type":"","background-media":"","overlay-type":"","overlay-color":"","overlay-opacity":"","overlay-gradient":""},"tablet":{"background-color":"var(--ast-global-color-5)","background-image":"","background-repeat":"repeat","background-position":"center center","background-size":"auto","background-attachment":"scroll","background-type":"","background-media":"","overlay-type":"","overlay-color":"","overlay-opacity":"","overlay-gradient":""},"mobile":{"background-color":"var(--ast-global-color-5)","background-image":"","background-repeat":"repeat","background-position":"center center","background-size":"auto","background-attachment":"scroll","background-type":"","background-media":"","overlay-type":"","overlay-color":"","overlay-opacity":"","overlay-gradient":""}},"footnotes":""},"class_list":["post-96","page","type-page","status-publish","hentry"],"_links":{"self":[{"href":"https:\/\/avepsi.org.ve\/site\/wp-json\/wp\/v2\/pages\/96","targetHints":{"allow":["GET"]}}],"collection":[{"href":"https:\/\/avepsi.org.ve\/site\/wp-json\/wp\/v2\/pages"}],"about":[{"href":"https:\/\/avepsi.org.ve\/site\/wp-json\/wp\/v2\/types\/page"}],"author":[{"embeddable":true,"href":"https:\/\/avepsi.org.ve\/site\/wp-json\/wp\/v2\/users\/1"}],"replies":[{"embeddable":true,"href":"https:\/\/avepsi.org.ve\/site\/wp-json\/wp\/v2\/comments?post=96"}],"version-history":[{"count":6,"href":"https:\/\/avepsi.org.ve\/site\/wp-json\/wp\/v2\/pages\/96\/revisions"}],"predecessor-version":[{"id":3434,"href":"https:\/\/avepsi.org.ve\/site\/wp-json\/wp\/v2\/pages\/96\/revisions\/3434"}],"wp:attachment":[{"href":"https:\/\/avepsi.org.ve\/site\/wp-json\/wp\/v2\/media?parent=96"}],"curies":[{"name":"wp","href":"https:\/\/api.w.org\/{rel}","templated":true}]}}