{"id":9,"date":"2016-07-21T15:12:24","date_gmt":"2016-07-21T15:12:24","guid":{"rendered":"http:\/\/avepsi.org.ve\/site\/?page_id=9"},"modified":"2025-06-11T23:39:30","modified_gmt":"2025-06-11T23:39:30","slug":"membresia","status":"publish","type":"page","link":"https:\/\/avepsi.org.ve\/site\/membresia\/","title":{"rendered":"Membres\u00eda"},"content":{"rendered":"\t\t<div data-elementor-type=\"wp-page\" data-elementor-id=\"9\" class=\"elementor elementor-9\">\n\t\t\t\t\t\t<section class=\"elementor-section elementor-top-section elementor-element elementor-element-a7d7a1f elementor-section-boxed elementor-section-height-default elementor-section-height-default\" data-id=\"a7d7a1f\" data-element_type=\"section\" data-e-type=\"section\">\n\t\t\t\t\t\t<div class=\"elementor-container elementor-column-gap-wide\">\n\t\t\t\t\t<div class=\"elementor-column elementor-col-50 elementor-top-column elementor-element elementor-element-4f95fc0\" data-id=\"4f95fc0\" data-element_type=\"column\" data-e-type=\"column\">\n\t\t\t<div class=\"elementor-widget-wrap elementor-element-populated\">\n\t\t\t\t\t\t<div class=\"elementor-element elementor-element-e5235e1 elementor-widget elementor-widget-heading\" data-id=\"e5235e1\" data-element_type=\"widget\" data-e-type=\"widget\" data-widget_type=\"heading.default\">\n\t\t\t\t<div class=\"elementor-widget-container\">\n\t\t\t\t\t<h2 class=\"elementor-heading-title elementor-size-default\">Categor\u00edas de asociados<\/h2>\t\t\t\t<\/div>\n\t\t\t\t<\/div>\n\t\t\t\t<div class=\"elementor-element elementor-element-30fc6317 elementor-widget elementor-widget-text-editor\" data-id=\"30fc6317\" data-element_type=\"widget\" data-e-type=\"widget\" data-widget_type=\"text-editor.default\">\n\t\t\t\t<div class=\"elementor-widget-container\">\n\t\t\t\t\t\t\t\t\t<ul><li>FUNDADOR<\/li><li>HONOR\u00cdFICO<\/li><li>REGULAR<\/li><li>CERTIFICADO<\/li><\/ul><p>Nuestros miembros poseen un conjunto de beneficios seg\u00fan la categoria de asociado a la cual este asignado.<\/p>\t\t\t\t\t\t\t\t<\/div>\n\t\t\t\t<\/div>\n\t\t\t\t<div class=\"elementor-element elementor-element-0305661 elementor-widget elementor-widget-heading\" data-id=\"0305661\" data-element_type=\"widget\" data-e-type=\"widget\" data-widget_type=\"heading.default\">\n\t\t\t\t<div class=\"elementor-widget-container\">\n\t\t\t\t\t<h2 class=\"elementor-heading-title elementor-size-default\">Requisitos<\/h2>\t\t\t\t<\/div>\n\t\t\t\t<\/div>\n\t\t\t\t<div class=\"elementor-element elementor-element-48af317 elementor-widget elementor-widget-toggle\" data-id=\"48af317\" data-element_type=\"widget\" data-e-type=\"widget\" data-widget_type=\"toggle.default\">\n\t\t\t\t<div class=\"elementor-widget-container\">\n\t\t\t\t\t\t\t<div class=\"elementor-toggle\">\n\t\t\t\t\t\t\t<div class=\"elementor-toggle-item\">\n\t\t\t\t\t<div id=\"elementor-tab-title-7621\" class=\"elementor-tab-title\" data-tab=\"1\" role=\"button\" aria-controls=\"elementor-tab-content-7621\" aria-expanded=\"false\">\n\t\t\t\t\t\t\t\t\t\t\t\t<span class=\"elementor-toggle-icon elementor-toggle-icon-left\" aria-hidden=\"true\">\n\t\t\t\t\t\t\t\t\t\t\t\t\t\t\t<span class=\"elementor-toggle-icon-closed\"><i class=\"fas fa-caret-right\"><\/i><\/span>\n\t\t\t\t\t\t\t\t<span class=\"elementor-toggle-icon-opened\"><i class=\"elementor-toggle-icon-opened fas fa-caret-up\"><\/i><\/span>\n\t\t\t\t\t\t\t\t\t\t\t\t\t<\/span>\n\t\t\t\t\t\t\t\t\t\t\t\t<a class=\"elementor-toggle-title\" tabindex=\"0\">Requisitos para la inscripci\u00f3n (Membres\u00eda)\u00a0 en AVEPSI<\/a>\n\t\t\t\t\t<\/div>\n\n\t\t\t\t\t<div id=\"elementor-tab-content-7621\" class=\"elementor-tab-content elementor-clearfix\" data-tab=\"1\" role=\"region\" aria-labelledby=\"elementor-tab-title-7621\"><div class=\"entry-content entry clr\"><p>TODOS los documentos deben ser enviados en formato PDF\u00a0 a la siguiente direcci\u00f3n electr\u00f3nica: <a href=\"mailto:avepsi@gmail.com\" target=\"_blank\" rel=\"noopener\">avepsi@gmail.com<\/a><\/p><ol><li>Planilla de inscripci\u00f3n, firmada por 2 miembros de AVEPSI (formato en archivo adjunto).<\/li><li>Foto Copia C\u00e9dula identidad.<\/li><li>Resumen Curricular.<\/li><li>Foto Copia fondo negro t\u00edtulo Universitario.<\/li><li>De acuerdo a la reconversi\u00f3n monetaria el costo de la <strong>anualidad<\/strong> ser\u00e1\u00a0 REF 30 ($ a la tasa oficial del d\u00eda).<\/li><li>El costo de la inscripci\u00f3n es REF 40, con lo que toda persona que desee inscribirse en la Asociaci\u00f3n , deber\u00e1 cancelar un monto de REF 70 (correspondiente a inscripci\u00f3n y anualidad, de acuerdo a los par\u00e1metros del $ antes se\u00f1alados), <span style=\"color: #ffa329;\"><em><strong>toda vez que haya recibido la aprobaci\u00f3n por parte de la Comisi\u00f3n de Credenciales<\/strong> <\/em><\/span>. El pago puede realizarse v\u00eda\u00a0 Dep\u00f3sito \u00f3 transferencia en Cta corriente Banesco N\u00b0 01340384813841006134 a nombre de Asociaci\u00f3n Venezolana de Psicoterapia. Rif J-30756917-4. <strong><em>Una vez realizada la operaci\u00f3n bancaria, enviar comprobante de pago a:\u00a0 pagosavepsi@gmail.com\u00a0<\/em><\/strong><\/li><\/ol><p>Para realizar su solicitud llene el siguiente <strong><a href=\"https:\/\/forms.gle\/fi2eZTEaCogXGuSK6\" target=\"_blank\" rel=\"noopener noreferrer\">Formulario de Inscripci\u00f3n<\/a><\/strong><\/p><\/div><\/div>\n\t\t\t\t<\/div>\n\t\t\t\t\t\t\t\t<\/div>\n\t\t\t\t\t\t<\/div>\n\t\t\t\t<\/div>\n\t\t\t\t\t<\/div>\n\t\t<\/div>\n\t\t\t\t<div class=\"elementor-column elementor-col-50 elementor-top-column elementor-element elementor-element-4213df3\" data-id=\"4213df3\" data-element_type=\"column\" data-e-type=\"column\">\n\t\t\t<div class=\"elementor-widget-wrap elementor-element-populated\">\n\t\t\t\t\t\t<div class=\"elementor-element elementor-element-23843bc elementor-widget elementor-widget-image\" data-id=\"23843bc\" data-element_type=\"widget\" data-e-type=\"widget\" data-widget_type=\"image.default\">\n\t\t\t\t<div class=\"elementor-widget-container\">\n\t\t\t\t\t\t\t\t\t\t\t\t\t\t\t<img fetchpriority=\"high\" decoding=\"async\" width=\"635\" height=\"325\" src=\"https:\/\/avepsi.org.ve\/site\/wp-content\/uploads\/2016\/07\/slide1.jpg\" class=\"attachment-large size-large wp-image-63\" alt=\"\" srcset=\"https:\/\/avepsi.org.ve\/site\/wp-content\/uploads\/2016\/07\/slide1.jpg 635w, https:\/\/avepsi.org.ve\/site\/wp-content\/uploads\/2016\/07\/slide1-300x154.jpg 300w\" sizes=\"(max-width: 635px) 100vw, 635px\" \/>\t\t\t\t\t\t\t\t\t\t\t\t\t\t\t<\/div>\n\t\t\t\t<\/div>\n\t\t\t\t\t<\/div>\n\t\t<\/div>\n\t\t\t\t\t<\/div>\n\t\t<\/section>\n\t\t\t\t<\/div>\n\t\t","protected":false},"excerpt":{"rendered":"<p>Categor\u00edas de asociados FUNDADOR HONOR\u00cdFICO REGULAR CERTIFICADO Nuestros miembros poseen un conjunto de beneficios seg\u00fan la categoria de asociado a [&hellip;]<\/p>\n","protected":false},"author":1,"featured_media":0,"parent":0,"menu_order":0,"comment_status":"closed","ping_status":"closed","template":"","meta":{"site-sidebar-layout":"default","site-content-layout":"","ast-site-content-layout":"default","site-content-style":"default","site-sidebar-style":"default","ast-global-header-display":"","ast-banner-title-visibility":"","ast-main-header-display":"","ast-hfb-above-header-display":"","ast-hfb-below-header-display":"","ast-hfb-mobile-header-display":"","site-post-title":"","ast-breadcrumbs-content":"","ast-featured-img":"","footer-sml-layout":"","ast-disable-related-posts":"","theme-transparent-header-meta":"","adv-header-id-meta":"","stick-header-meta":"","header-above-stick-meta":"","header-main-stick-meta":"","header-below-stick-meta":"","astra-migrate-meta-layouts":"default","ast-page-background-enabled":"default","ast-page-background-meta":{"desktop":{"background-color":"var(--ast-global-color-4)","background-image":"","background-repeat":"repeat","background-position":"center center","background-size":"auto","background-attachment":"scroll","background-type":"","background-media":"","overlay-type":"","overlay-color":"","overlay-opacity":"","overlay-gradient":""},"tablet":{"background-color":"","background-image":"","background-repeat":"repeat","background-position":"center center","background-size":"auto","background-attachment":"scroll","background-type":"","background-media":"","overlay-type":"","overlay-color":"","overlay-opacity":"","overlay-gradient":""},"mobile":{"background-color":"","background-image":"","background-repeat":"repeat","background-position":"center center","background-size":"auto","background-attachment":"scroll","background-type":"","background-media":"","overlay-type":"","overlay-color":"","overlay-opacity":"","overlay-gradient":""}},"ast-content-background-meta":{"desktop":{"background-color":"var(--ast-global-color-5)","background-image":"","background-repeat":"repeat","background-position":"center center","background-size":"auto","background-attachment":"scroll","background-type":"","background-media":"","overlay-type":"","overlay-color":"","overlay-opacity":"","overlay-gradient":""},"tablet":{"background-color":"var(--ast-global-color-5)","background-image":"","background-repeat":"repeat","background-position":"center center","background-size":"auto","background-attachment":"scroll","background-type":"","background-media":"","overlay-type":"","overlay-color":"","overlay-opacity":"","overlay-gradient":""},"mobile":{"background-color":"var(--ast-global-color-5)","background-image":"","background-repeat":"repeat","background-position":"center center","background-size":"auto","background-attachment":"scroll","background-type":"","background-media":"","overlay-type":"","overlay-color":"","overlay-opacity":"","overlay-gradient":""}},"footnotes":""},"class_list":["post-9","page","type-page","status-publish","hentry"],"_links":{"self":[{"href":"https:\/\/avepsi.org.ve\/site\/wp-json\/wp\/v2\/pages\/9","targetHints":{"allow":["GET"]}}],"collection":[{"href":"https:\/\/avepsi.org.ve\/site\/wp-json\/wp\/v2\/pages"}],"about":[{"href":"https:\/\/avepsi.org.ve\/site\/wp-json\/wp\/v2\/types\/page"}],"author":[{"embeddable":true,"href":"https:\/\/avepsi.org.ve\/site\/wp-json\/wp\/v2\/users\/1"}],"replies":[{"embeddable":true,"href":"https:\/\/avepsi.org.ve\/site\/wp-json\/wp\/v2\/comments?post=9"}],"version-history":[{"count":15,"href":"https:\/\/avepsi.org.ve\/site\/wp-json\/wp\/v2\/pages\/9\/revisions"}],"predecessor-version":[{"id":3427,"href":"https:\/\/avepsi.org.ve\/site\/wp-json\/wp\/v2\/pages\/9\/revisions\/3427"}],"wp:attachment":[{"href":"https:\/\/avepsi.org.ve\/site\/wp-json\/wp\/v2\/media?parent=9"}],"curies":[{"name":"wp","href":"https:\/\/api.w.org\/{rel}","templated":true}]}}