{"id":5,"date":"2016-07-21T15:11:17","date_gmt":"2016-07-21T15:11:17","guid":{"rendered":"http:\/\/avepsi.org.ve\/site\/?page_id=5"},"modified":"2024-02-14T21:59:55","modified_gmt":"2024-02-14T21:59:55","slug":"la-asociacion","status":"publish","type":"page","link":"https:\/\/avepsi.org.ve\/site\/la-asociacion\/","title":{"rendered":"La Asociaci\u00f3n"},"content":{"rendered":"\t\t<div data-elementor-type=\"wp-page\" data-elementor-id=\"5\" class=\"elementor elementor-5\">\n\t\t\t\t\t\t<section class=\"elementor-section elementor-top-section elementor-element elementor-element-c6f6e4c elementor-section-boxed elementor-section-height-default elementor-section-height-default\" data-id=\"c6f6e4c\" data-element_type=\"section\" data-e-type=\"section\">\n\t\t\t\t\t\t<div class=\"elementor-container elementor-column-gap-wider\">\n\t\t\t\t\t<div class=\"elementor-column elementor-col-50 elementor-top-column elementor-element elementor-element-a6ae751\" data-id=\"a6ae751\" data-element_type=\"column\" data-e-type=\"column\">\n\t\t\t<div class=\"elementor-widget-wrap elementor-element-populated\">\n\t\t\t\t\t\t<div class=\"elementor-element elementor-element-7609786d elementor-widget elementor-widget-text-editor\" data-id=\"7609786d\" data-element_type=\"widget\" data-e-type=\"widget\" data-widget_type=\"text-editor.default\">\n\t\t\t\t<div class=\"elementor-widget-container\">\n\t\t\t\t\t\t\t\t\t<p>La <strong>Asociaci\u00f3n Venezolana de Psicoterapia (AVEPSI)<\/strong> es una asociaci\u00f3n civil, de car\u00e1cter cient\u00edfico, sin fines de lucro, creada por los psicoterapeutas del pa\u00eds de diferentes orientaciones te\u00f3ricas de base cient\u00edfica, para propiciar un espacio de encuentro e intercambio, a fin de promover y velar el desarrollo de la teor\u00eda y pr\u00e1ctica de la psicoterapia en Venezuela como tratamiento, ciencia y profesi\u00f3n.<\/p>\t\t\t\t\t\t\t\t<\/div>\n\t\t\t\t<\/div>\n\t\t\t\t\t<\/div>\n\t\t<\/div>\n\t\t\t\t<div class=\"elementor-column elementor-col-50 elementor-top-column elementor-element elementor-element-26b6de3\" data-id=\"26b6de3\" data-element_type=\"column\" data-e-type=\"column\">\n\t\t\t<div class=\"elementor-widget-wrap elementor-element-populated\">\n\t\t\t\t\t\t<div class=\"elementor-element elementor-element-bac7ff3 elementor-widget__width-initial elementor-widget elementor-widget-image\" data-id=\"bac7ff3\" data-element_type=\"widget\" data-e-type=\"widget\" data-widget_type=\"image.default\">\n\t\t\t\t<div class=\"elementor-widget-container\">\n\t\t\t\t\t\t\t\t\t\t\t\t\t\t\t<img decoding=\"async\" width=\"400\" height=\"82\" src=\"http:\/\/avepsi.org.ve\/site\/wp-content\/uploads\/2024\/01\/Avepsi_logo_web.png\" class=\"attachment-full size-full wp-image-1877\" alt=\"\" srcset=\"http:\/\/avepsi.org.ve\/site\/wp-content\/uploads\/2024\/01\/Avepsi_logo_web.png 400w, http:\/\/avepsi.org.ve\/site\/wp-content\/uploads\/2024\/01\/Avepsi_logo_web-300x62.png 300w\" sizes=\"(max-width: 400px) 100vw, 400px\" \/>\t\t\t\t\t\t\t\t\t\t\t\t\t\t\t<\/div>\n\t\t\t\t<\/div>\n\t\t\t\t<div class=\"elementor-element elementor-element-03b8f95 elementor-widget elementor-widget-spacer\" data-id=\"03b8f95\" data-element_type=\"widget\" data-e-type=\"widget\" data-widget_type=\"spacer.default\">\n\t\t\t\t<div class=\"elementor-widget-container\">\n\t\t\t\t\t\t\t<div class=\"elementor-spacer\">\n\t\t\t<div class=\"elementor-spacer-inner\"><\/div>\n\t\t<\/div>\n\t\t\t\t\t\t<\/div>\n\t\t\t\t<\/div>\n\t\t\t\t<div class=\"elementor-element elementor-element-3fd94ef elementor-widget elementor-widget-toggle\" data-id=\"3fd94ef\" data-element_type=\"widget\" data-e-type=\"widget\" data-widget_type=\"toggle.default\">\n\t\t\t\t<div class=\"elementor-widget-container\">\n\t\t\t\t\t\t\t<div class=\"elementor-toggle\">\n\t\t\t\t\t\t\t<div class=\"elementor-toggle-item\">\n\t\t\t\t\t<div id=\"elementor-tab-title-6691\" class=\"elementor-tab-title\" data-tab=\"1\" role=\"button\" aria-controls=\"elementor-tab-content-6691\" aria-expanded=\"false\">\n\t\t\t\t\t\t\t\t\t\t\t\t<span class=\"elementor-toggle-icon elementor-toggle-icon-left\" aria-hidden=\"true\">\n\t\t\t\t\t\t\t\t\t\t\t\t\t\t\t<span class=\"elementor-toggle-icon-closed\"><i class=\"fas fa-caret-right\"><\/i><\/span>\n\t\t\t\t\t\t\t\t<span class=\"elementor-toggle-icon-opened\"><i class=\"elementor-toggle-icon-opened fas fa-caret-up\"><\/i><\/span>\n\t\t\t\t\t\t\t\t\t\t\t\t\t<\/span>\n\t\t\t\t\t\t\t\t\t\t\t\t<a class=\"elementor-toggle-title\" tabindex=\"0\">OBJETIVOS<\/a>\n\t\t\t\t\t<\/div>\n\n\t\t\t\t\t<div id=\"elementor-tab-content-6691\" class=\"elementor-tab-content elementor-clearfix\" data-tab=\"1\" role=\"region\" aria-labelledby=\"elementor-tab-title-6691\"><ol><li>Establecer los criterios y normas para la certificaci\u00f3n de los psicoterapeutas.<\/li><li>Emitir los certificados de psicoterapeutas.<\/li><li>Determinar y revisar regularmente los conceptos b\u00e1sicos para la formaci\u00f3n y pr\u00e1ctica de la psicoterapia.<\/li><li>Orientar y velar por una formaci\u00f3n cient\u00edfica y profesional de los psicoterapeutas del pa\u00eds en las diferentes teor\u00edas.<\/li><li>Organizar eventos de tipo acad\u00e9mico, nacionales e internacionales orientados a la informaci\u00f3n, conocimiento y formaci\u00f3n en psicoterapia.<\/li><li>Organizar encuentros cient\u00edficos, tanto nacionales como internacionales sobre temas vinculados a la psicoterapia en sus diferentes orientaciones te\u00f3ricas para sustentar y mantener la actualizaci\u00f3n te\u00f3rica en la materia.<\/li><li>Fomentar relaciones entre las diferentes organizaciones y asociaciones representativas de la psicoterapia en Venezuela, para un mejor intercambio de informaci\u00f3n cient\u00edfica y de investigaci\u00f3n.<\/li><li>Suscribir convenios de reciprocidad con otras asociaciones similares que favorezcan el logro de la misi\u00f3n y visi\u00f3n de AVEPSI<\/li><li>Crear un censo que registre a los profesionales psicoterapeutas a fin de disponer una base de datos que permita mayor facilidad y alcance de comunicaci\u00f3n e intercambio de informaci\u00f3n.<\/li><li>Ser un centro de informaci\u00f3n y referencia en el pa\u00eds sobre psicoterapia para la comunidad en general<\/li><li>Disponer de un espacio de encuentro entre los psicoterapeutas formados y en formaci\u00f3n para un sano intercambio de informaci\u00f3n, discusi\u00f3n abierta y enriquecimiento profesional proveniente de los desarrollos de cada una de las corrientes te\u00f3ricas de base cient\u00edfica representadas en nuestro pa\u00eds.<\/li><\/ol><\/div>\n\t\t\t\t<\/div>\n\t\t\t\t\t\t\t\t<\/div>\n\t\t\t\t\t\t<\/div>\n\t\t\t\t<\/div>\n\t\t\t\t<div class=\"elementor-element elementor-element-06a2551 elementor-widget elementor-widget-toggle\" data-id=\"06a2551\" data-element_type=\"widget\" data-e-type=\"widget\" data-widget_type=\"toggle.default\">\n\t\t\t\t<div class=\"elementor-widget-container\">\n\t\t\t\t\t\t\t<div class=\"elementor-toggle\">\n\t\t\t\t\t\t\t<div class=\"elementor-toggle-item\">\n\t\t\t\t\t<div id=\"elementor-tab-title-6951\" class=\"elementor-tab-title\" data-tab=\"1\" role=\"button\" aria-controls=\"elementor-tab-content-6951\" aria-expanded=\"false\">\n\t\t\t\t\t\t\t\t\t\t\t\t<span class=\"elementor-toggle-icon elementor-toggle-icon-left\" aria-hidden=\"true\">\n\t\t\t\t\t\t\t\t\t\t\t\t\t\t\t<span class=\"elementor-toggle-icon-closed\"><i class=\"fas fa-caret-right\"><\/i><\/span>\n\t\t\t\t\t\t\t\t<span class=\"elementor-toggle-icon-opened\"><i class=\"elementor-toggle-icon-opened fas fa-caret-up\"><\/i><\/span>\n\t\t\t\t\t\t\t\t\t\t\t\t\t<\/span>\n\t\t\t\t\t\t\t\t\t\t\t\t<a class=\"elementor-toggle-title\" tabindex=\"0\">MISI\u00d3N<\/a>\n\t\t\t\t\t<\/div>\n\n\t\t\t\t\t<div id=\"elementor-tab-content-6951\" class=\"elementor-tab-content elementor-clearfix\" data-tab=\"1\" role=\"region\" aria-labelledby=\"elementor-tab-title-6951\"><p>AVEPSI tiene como objetivo crear par\u00e1metros y elevar los est\u00e1ndares de la formaci\u00f3n y de la pr\u00e1ctica de la psicoterapia en Venezuela, a trav\u00e9s de un conjunto de actividades tanto para el \u00e1mbito acad\u00e9mico como para la comunidad en general, orientadas al estudio, an\u00e1lisis, investigaci\u00f3n e intercambio de informaci\u00f3n y experiencias relacionadas con el desarrollo de la psicoterapia, contribuyendo as\u00ed, a la adquisici\u00f3n de niveles de excelencia dentro de la profesi\u00f3n y colaborando con la definici\u00f3n y actualizaci\u00f3n de los elementos b\u00e1sicos de la formaci\u00f3n y sus v\u00edas de adquisici\u00f3n.<\/p><\/div>\n\t\t\t\t<\/div>\n\t\t\t\t\t\t\t<div class=\"elementor-toggle-item\">\n\t\t\t\t\t<div id=\"elementor-tab-title-6952\" class=\"elementor-tab-title\" data-tab=\"2\" role=\"button\" aria-controls=\"elementor-tab-content-6952\" aria-expanded=\"false\">\n\t\t\t\t\t\t\t\t\t\t\t\t<span class=\"elementor-toggle-icon elementor-toggle-icon-left\" aria-hidden=\"true\">\n\t\t\t\t\t\t\t\t\t\t\t\t\t\t\t<span class=\"elementor-toggle-icon-closed\"><i class=\"fas fa-caret-right\"><\/i><\/span>\n\t\t\t\t\t\t\t\t<span class=\"elementor-toggle-icon-opened\"><i class=\"elementor-toggle-icon-opened fas fa-caret-up\"><\/i><\/span>\n\t\t\t\t\t\t\t\t\t\t\t\t\t<\/span>\n\t\t\t\t\t\t\t\t\t\t\t\t<a class=\"elementor-toggle-title\" tabindex=\"0\">VISI\u00d3N<\/a>\n\t\t\t\t\t<\/div>\n\n\t\t\t\t\t<div id=\"elementor-tab-content-6952\" class=\"elementor-tab-content elementor-clearfix\" data-tab=\"2\" role=\"region\" aria-labelledby=\"elementor-tab-title-6952\"><p>Ser una instituci\u00f3n legalmente respetada y reconocida nacional e internacionalmente, para emitir la CERTIFICACI\u00d3N PARA LA FORMACI\u00d3N Y LA PR\u00c1CTICA DE LOS PSICOTERAPEUTAS del pa\u00eds, fundamentada \u00e9sta, en el estudio profundo de las bases te\u00f3ricas y cient\u00edficas de la psicoterapia, a fin de ofrecerle a la comunidad, la garant\u00eda de una opci\u00f3n de tratamiento de alto nivel profesional, \u00e9tico y cient\u00edfico.<\/p><\/div>\n\t\t\t\t<\/div>\n\t\t\t\t\t\t\t<div class=\"elementor-toggle-item\">\n\t\t\t\t\t<div id=\"elementor-tab-title-6953\" class=\"elementor-tab-title\" data-tab=\"3\" role=\"button\" aria-controls=\"elementor-tab-content-6953\" aria-expanded=\"false\">\n\t\t\t\t\t\t\t\t\t\t\t\t<span class=\"elementor-toggle-icon elementor-toggle-icon-left\" aria-hidden=\"true\">\n\t\t\t\t\t\t\t\t\t\t\t\t\t\t\t<span class=\"elementor-toggle-icon-closed\"><i class=\"fas fa-caret-right\"><\/i><\/span>\n\t\t\t\t\t\t\t\t<span class=\"elementor-toggle-icon-opened\"><i class=\"elementor-toggle-icon-opened fas fa-caret-up\"><\/i><\/span>\n\t\t\t\t\t\t\t\t\t\t\t\t\t<\/span>\n\t\t\t\t\t\t\t\t\t\t\t\t<a class=\"elementor-toggle-title\" tabindex=\"0\">SERVICIOS<\/a>\n\t\t\t\t\t<\/div>\n\n\t\t\t\t\t<div id=\"elementor-tab-content-6953\" class=\"elementor-tab-content elementor-clearfix\" data-tab=\"3\" role=\"region\" aria-labelledby=\"elementor-tab-title-6953\"><p>Actividades dirigidas a:<\/p><ul><li>PSICOTERAPEUTAS FORMADOS Y EN FORMACION<\/li><li>ESTUDIANES PSICOLOGIA<\/li><li>PROFESIONALES DE LA SALUD<\/li><li>COMUNIDAD<\/li><\/ul><p>Por Cap\u00edtulo:<\/p><ul><li>CURSOS \u2013 TALLERES \u2013 CONFERENCIAS<\/li><li>CONGRESOS NACIONALES &#8211; INTERNACIONALES<\/li><li>ASESORAMIENTOS PARA FORMACI\u00d3N<\/li><li>SUPERVISIONES<\/li><li>ORIENTACION PARA PSICOTERAPIA<\/li><li>PUBLICACIONES \u2013 BOLETINES<\/li><li>SUSCRIPCIONES A REVISTAS INTERNACIONALES<\/li><\/ul><\/div>\n\t\t\t\t<\/div>\n\t\t\t\t\t\t\t\t<\/div>\n\t\t\t\t\t\t<\/div>\n\t\t\t\t<\/div>\n\t\t\t\t\t<\/div>\n\t\t<\/div>\n\t\t\t\t\t<\/div>\n\t\t<\/section>\n\t\t\t\t<\/div>\n\t\t","protected":false},"excerpt":{"rendered":"<p>La Asociaci\u00f3n Venezolana de Psicoterapia (AVEPSI) es una asociaci\u00f3n civil, de car\u00e1cter cient\u00edfico, sin fines de lucro, creada por los [&hellip;]<\/p>\n","protected":false},"author":1,"featured_media":0,"parent":0,"menu_order":0,"comment_status":"closed","ping_status":"closed","template":"","meta":{"site-sidebar-layout":"default","site-content-layout":"","ast-site-content-layout":"default","site-content-style":"default","site-sidebar-style":"default","ast-global-header-display":"","ast-banner-title-visibility":"","ast-main-header-display":"","ast-hfb-above-header-display":"","ast-hfb-below-header-display":"","ast-hfb-mobile-header-display":"","site-post-title":"","ast-breadcrumbs-content":"","ast-featured-img":"","footer-sml-layout":"","ast-disable-related-posts":"","theme-transparent-header-meta":"","adv-header-id-meta":"","stick-header-meta":"","header-above-stick-meta":"","header-main-stick-meta":"","header-below-stick-meta":"","astra-migrate-meta-layouts":"default","ast-page-background-enabled":"default","ast-page-background-meta":{"desktop":{"background-color":"var(--ast-global-color-4)","background-image":"","background-repeat":"repeat","background-position":"center center","background-size":"auto","background-attachment":"scroll","background-type":"","background-media":"","overlay-type":"","overlay-color":"","overlay-opacity":"","overlay-gradient":""},"tablet":{"background-color":"","background-image":"","background-repeat":"repeat","background-position":"center center","background-size":"auto","background-attachment":"scroll","background-type":"","background-media":"","overlay-type":"","overlay-color":"","overlay-opacity":"","overlay-gradient":""},"mobile":{"background-color":"","background-image":"","background-repeat":"repeat","background-position":"center center","background-size":"auto","background-attachment":"scroll","background-type":"","background-media":"","overlay-type":"","overlay-color":"","overlay-opacity":"","overlay-gradient":""}},"ast-content-background-meta":{"desktop":{"background-color":"var(--ast-global-color-5)","background-image":"","background-repeat":"repeat","background-position":"center center","background-size":"auto","background-attachment":"scroll","background-type":"","background-media":"","overlay-type":"","overlay-color":"","overlay-opacity":"","overlay-gradient":""},"tablet":{"background-color":"var(--ast-global-color-5)","background-image":"","background-repeat":"repeat","background-position":"center center","background-size":"auto","background-attachment":"scroll","background-type":"","background-media":"","overlay-type":"","overlay-color":"","overlay-opacity":"","overlay-gradient":""},"mobile":{"background-color":"var(--ast-global-color-5)","background-image":"","background-repeat":"repeat","background-position":"center center","background-size":"auto","background-attachment":"scroll","background-type":"","background-media":"","overlay-type":"","overlay-color":"","overlay-opacity":"","overlay-gradient":""}},"footnotes":""},"class_list":["post-5","page","type-page","status-publish","hentry"],"_links":{"self":[{"href":"https:\/\/avepsi.org.ve\/site\/wp-json\/wp\/v2\/pages\/5","targetHints":{"allow":["GET"]}}],"collection":[{"href":"https:\/\/avepsi.org.ve\/site\/wp-json\/wp\/v2\/pages"}],"about":[{"href":"https:\/\/avepsi.org.ve\/site\/wp-json\/wp\/v2\/types\/page"}],"author":[{"embeddable":true,"href":"https:\/\/avepsi.org.ve\/site\/wp-json\/wp\/v2\/users\/1"}],"replies":[{"embeddable":true,"href":"https:\/\/avepsi.org.ve\/site\/wp-json\/wp\/v2\/comments?post=5"}],"version-history":[{"count":0,"href":"https:\/\/avepsi.org.ve\/site\/wp-json\/wp\/v2\/pages\/5\/revisions"}],"wp:attachment":[{"href":"https:\/\/avepsi.org.ve\/site\/wp-json\/wp\/v2\/media?parent=5"}],"curies":[{"name":"wp","href":"https:\/\/api.w.org\/{rel}","templated":true}]}}